{"id":422,"date":"2022-04-30T16:49:24","date_gmt":"2022-04-30T14:49:24","guid":{"rendered":"https:\/\/dieteticienne-nutritionniste-toulon.com\/?page_id=422"},"modified":"2023-05-09T15:31:32","modified_gmt":"2023-05-09T13:31:32","slug":"contact","status":"publish","type":"page","link":"https:\/\/dieteticienne-nutritionniste-toulon.com\/index.php\/contact\/","title":{"rendered":"Contact"},"content":{"rendered":"\t\t<div data-elementor-type=\"wp-page\" data-elementor-id=\"422\" class=\"elementor elementor-422\">\n\t\t\t\t\t\t<section class=\"elementor-section elementor-top-section elementor-element elementor-element-97f145b elementor-section-boxed elementor-section-height-default elementor-section-height-default\" data-id=\"97f145b\" data-element_type=\"section\" data-settings=\"{&quot;background_background&quot;:&quot;classic&quot;}\">\n\t\t\t\t\t\t<div class=\"elementor-container elementor-column-gap-default\">\n\t\t\t\t\t<div class=\"elementor-column elementor-col-100 elementor-top-column elementor-element elementor-element-5bc503e\" data-id=\"5bc503e\" data-element_type=\"column\">\n\t\t\t<div class=\"elementor-widget-wrap elementor-element-populated\">\n\t\t\t\t\t\t<div class=\"elementor-element elementor-element-d2ba179 elementor-widget elementor-widget-heading\" data-id=\"d2ba179\" data-element_type=\"widget\" data-widget_type=\"heading.default\">\n\t\t\t\t<div class=\"elementor-widget-container\">\n\t\t\t\t\t<h2 class=\"elementor-heading-title elementor-size-default\">Prise de rendez-vous<\/h2>\t\t\t\t<\/div>\n\t\t\t\t<\/div>\n\t\t\t\t\t<\/div>\n\t\t<\/div>\n\t\t\t\t\t<\/div>\n\t\t<\/section>\n\t\t\t\t<section class=\"elementor-section elementor-top-section elementor-element elementor-element-e465e91 elementor-section-boxed elementor-section-height-default elementor-section-height-default\" data-id=\"e465e91\" data-element_type=\"section\">\n\t\t\t\t\t\t<div class=\"elementor-container elementor-column-gap-default\">\n\t\t\t\t\t<div class=\"elementor-column elementor-col-100 elementor-top-column elementor-element elementor-element-c3c5855\" data-id=\"c3c5855\" data-element_type=\"column\">\n\t\t\t<div class=\"elementor-widget-wrap elementor-element-populated\">\n\t\t\t\t\t\t<div class=\"elementor-element elementor-element-47f4a5e elementor-widget elementor-widget-text-editor\" data-id=\"47f4a5e\" data-element_type=\"widget\" data-widget_type=\"text-editor.default\">\n\t\t\t\t<div class=\"elementor-widget-container\">\n\t\t\t\t\t\t\t\t\t<p>Pour prendre rendez-vous \u00e0 Sanary-sur-Mer, merci de me contacter par t\u00e9l\u00e9phone (appel ou SMS) au 06 24 22 09 16 ou par mail \u00e0 l&rsquo;adresse <a href=\"mailto:f.toulliou@orange.fr\" rel=\"noopener\" target=\"_blank\">f.toulliou@orange.fr<\/a>. Je vous r\u00e9pondrai d\u00e8s que possible et vous proposerai des cr\u00e9neaux disponibles.<\/p>\n<p><br><br>Pour une consultation \u00e0 Ollioules, vous pouvez prendre rendez-vous directement en ligne sur le site de l\u2019<a href=\"https:\/\/avec.fr\/praticien\/dieteticien\/ollioules-83190\/toulliou-francoise\" rel=\"noopener\" target=\"_blank\">Espace Soin de Soi Malartic<\/a>.<br>\n<br><br>Pour prendre rendez-vous en visio, il vous suffit d\u2019aller sur le site <a href=\"https:\/\/www.avismedic.fr\/login\/open.php\" rel=\"noopener\" target=\"_blank\">Avis Medic<\/a> :<br>\n<br><br>\u27a9 Cr\u00e9er un compte<br>\n<br><br><\/p>\n<p>\u27a9 S\u00e9lectionner \u00ab t\u00e9l\u00e9consultation di\u00e9t\u00e9tique \u00bb et remplir le formulaire<br>\n<br><br><\/p>\n<p>\u27a9 Je vous propose des cr\u00e9neaux sous 48h<br>\n<br><br>A bient\u00f4t !<\/p>\t\t\t\t\t\t\t\t<\/div>\n\t\t\t\t<\/div>\n\t\t\t\t\t<\/div>\n\t\t<\/div>\n\t\t\t\t\t<\/div>\n\t\t<\/section>\n\t\t\t\t<\/div>\n\t\t","protected":false},"excerpt":{"rendered":"<p>Prise de rendez-vous Pour prendre rendez-vous \u00e0 Sanary-sur-Mer, merci de me contacter par t\u00e9l\u00e9phone (appel ou SMS) au 06 24 22 09 16 ou par mail \u00e0 l&rsquo;adresse f.toulliou@orange.fr. Je vous r\u00e9pondrai d\u00e8s que possible et vous proposerai des cr\u00e9neaux disponibles. Pour une consultation \u00e0 Ollioules, vous pouvez prendre rendez-vous directement en ligne sur le [&hellip;]<\/p>\n","protected":false},"author":1,"featured_media":0,"parent":0,"menu_order":0,"comment_status":"closed","ping_status":"closed","template":"","meta":{"site-sidebar-layout":"no-sidebar","site-content-layout":"page-builder","ast-site-content-layout":"default","site-content-style":"default","site-sidebar-style":"default","ast-global-header-display":"","ast-banner-title-visibility":"","ast-main-header-display":"","ast-hfb-above-header-display":"","ast-hfb-below-header-display":"","ast-hfb-mobile-header-display":"","site-post-title":"disabled","ast-breadcrumbs-content":"","ast-featured-img":"disabled","footer-sml-layout":"","ast-disable-related-posts":"","theme-transparent-header-meta":"","adv-header-id-meta":"","stick-header-meta":"","header-above-stick-meta":"","header-main-stick-meta":"","header-below-stick-meta":"","astra-migrate-meta-layouts":"default","ast-page-background-enabled":"default","ast-page-background-meta":{"desktop":{"background-color":"","background-image":"","background-repeat":"repeat","background-position":"center center","background-size":"auto","background-attachment":"scroll","background-type":"","background-media":"","overlay-type":"","overlay-color":"","overlay-opacity":"","overlay-gradient":""},"tablet":{"background-color":"","background-image":"","background-repeat":"repeat","background-position":"center center","background-size":"auto","background-attachment":"scroll","background-type":"","background-media":"","overlay-type":"","overlay-color":"","overlay-opacity":"","overlay-gradient":""},"mobile":{"background-color":"","background-image":"","background-repeat":"repeat","background-position":"center center","background-size":"auto","background-attachment":"scroll","background-type":"","background-media":"","overlay-type":"","overlay-color":"","overlay-opacity":"","overlay-gradient":""}},"ast-content-background-meta":{"desktop":{"background-color":"var(--ast-global-color-5)","background-image":"","background-repeat":"repeat","background-position":"center center","background-size":"auto","background-attachment":"scroll","background-type":"","background-media":"","overlay-type":"","overlay-color":"","overlay-opacity":"","overlay-gradient":""},"tablet":{"background-color":"var(--ast-global-color-5)","background-image":"","background-repeat":"repeat","background-position":"center center","background-size":"auto","background-attachment":"scroll","background-type":"","background-media":"","overlay-type":"","overlay-color":"","overlay-opacity":"","overlay-gradient":""},"mobile":{"background-color":"var(--ast-global-color-5)","background-image":"","background-repeat":"repeat","background-position":"center center","background-size":"auto","background-attachment":"scroll","background-type":"","background-media":"","overlay-type":"","overlay-color":"","overlay-opacity":"","overlay-gradient":""}},"footnotes":""},"_links":{"self":[{"href":"https:\/\/dieteticienne-nutritionniste-toulon.com\/index.php\/wp-json\/wp\/v2\/pages\/422"}],"collection":[{"href":"https:\/\/dieteticienne-nutritionniste-toulon.com\/index.php\/wp-json\/wp\/v2\/pages"}],"about":[{"href":"https:\/\/dieteticienne-nutritionniste-toulon.com\/index.php\/wp-json\/wp\/v2\/types\/page"}],"author":[{"embeddable":true,"href":"https:\/\/dieteticienne-nutritionniste-toulon.com\/index.php\/wp-json\/wp\/v2\/users\/1"}],"replies":[{"embeddable":true,"href":"https:\/\/dieteticienne-nutritionniste-toulon.com\/index.php\/wp-json\/wp\/v2\/comments?post=422"}],"version-history":[{"count":37,"href":"https:\/\/dieteticienne-nutritionniste-toulon.com\/index.php\/wp-json\/wp\/v2\/pages\/422\/revisions"}],"predecessor-version":[{"id":600,"href":"https:\/\/dieteticienne-nutritionniste-toulon.com\/index.php\/wp-json\/wp\/v2\/pages\/422\/revisions\/600"}],"wp:attachment":[{"href":"https:\/\/dieteticienne-nutritionniste-toulon.com\/index.php\/wp-json\/wp\/v2\/media?parent=422"}],"curies":[{"name":"wp","href":"https:\/\/api.w.org\/{rel}","templated":true}]}}